{"id":131,"date":"2022-03-27T23:41:17","date_gmt":"2022-03-27T21:41:17","guid":{"rendered":"https:\/\/www.refy.cz\/?page_id=131"},"modified":"2022-10-11T06:52:50","modified_gmt":"2022-10-11T04:52:50","slug":"cenik","status":"publish","type":"page","link":"https:\/\/www.refy.cz\/?page_id=131","title":{"rendered":"Cen\u00edk"},"content":{"rendered":"\n<figure class=\"wp-block-table is-style-stripes\"><table><tbody><tr><td><strong>Polo\u017eka<\/strong><\/td><td><strong>Cena<\/strong><\/td><\/tr><tr><td>lekce NW 1,5 hodiny&nbsp; max. 2 osoby<\/td><td>800 K\u010d \/ lekce dohromady<\/td><\/tr><tr><td>lekce NW 3 hodiny max. 2 osoby &nbsp;<\/td><td>1000 K\u010d \/ lekce dohromady<br>\u00a0<\/td><\/tr><tr><td>lekce NW 1,5 hodiny skupinov\u00e1 pro 3 osoby a v\u00edce<\/td><td>300 K\u010d \/ osoba<\/td><\/tr><tr><td>lekce NW 3 hodiny skupinov\u00e1 pro 3 osoby a v\u00edce<\/td><td>400 K\u010d \/ osoba<\/td><\/tr><tr><td>teambuilding, v\u00fd\u0161lapy, v\u00fdlety, v\u00edkendy s NW a dal\u0161\u00ed speci\u00e1ln\u00ed programy<\/td><td>cena, m\u00edsto, datum, v\u017edy uvedeno v popisu akce<\/td><\/tr><tr><td>fyzioterapeutick\u00e1 konzultace<\/td><td>1000 K\u010d \/ hodina<\/td><\/tr><tr><td>taping, klasick\u00fd, lymfatick\u00fd, cena se odv\u00edj\u00ed od spot\u0159eby materi\u00e1lu a \u010dasov\u00e9 n\u00e1ro\u010dnosti. V cen\u011b je zahrnuta instrukt\u00e1\u017e.<\/td><td>50 &#8211; 500 K\u010d<\/td><\/tr><tr><td>zap\u016fj\u010den\u00ed NW hol\u00ed<\/td><td>vratn\u00e1 kauce 1500 K\u010d, p\u016fj\u010dovn\u00e9 150 K\u010d na den<\/td><\/tr><tr><td>Pilates &#8211; individu\u00e1ln\u00ed lekce max. 2 osoby<\/td><td>800 K\u010d \/ hodina<\/td><\/tr><tr><td>Pilates &#8211; skupinov\u00e1 lekce pro 3 osoby a v\u00edce<\/td><td>400 K\u010d \/ hodina<\/td><\/tr><\/tbody><\/table><\/figure>\n\n\n\n<p>K placen\u00fdm lekc\u00edm a kurz\u016fm NW je mo\u017eno zap\u016fj\u010den\u00ed NW hol\u00ed zdarma.<\/p>\n","protected":false},"excerpt":{"rendered":"<p>Polo\u017eka Cena lekce NW 1,5 hodiny&nbsp; max. 2 osoby 800 K\u010d \/ lekce dohromady lekce NW 3 hodiny max. 2 osoby &nbsp; 1000 K\u010d \/ lekce dohromady\u00a0 lekce NW 1,5 hodiny skupinov\u00e1 pro 3 osoby a v\u00edce 300 K\u010d \/ osoba lekce NW 3 hodiny skupinov\u00e1 pro 3 osoby a v\u00edce 400 K\u010d \/ osoba [&hellip;]<\/p>\n","protected":false},"author":1,"featured_media":0,"parent":0,"menu_order":0,"comment_status":"closed","ping_status":"closed","template":"","meta":{"footnotes":""},"class_list":["post-131","page","type-page","status-publish","hentry"],"_links":{"self":[{"href":"https:\/\/www.refy.cz\/index.php?rest_route=\/wp\/v2\/pages\/131","targetHints":{"allow":["GET"]}}],"collection":[{"href":"https:\/\/www.refy.cz\/index.php?rest_route=\/wp\/v2\/pages"}],"about":[{"href":"https:\/\/www.refy.cz\/index.php?rest_route=\/wp\/v2\/types\/page"}],"author":[{"embeddable":true,"href":"https:\/\/www.refy.cz\/index.php?rest_route=\/wp\/v2\/users\/1"}],"replies":[{"embeddable":true,"href":"https:\/\/www.refy.cz\/index.php?rest_route=%2Fwp%2Fv2%2Fcomments&post=131"}],"version-history":[{"count":4,"href":"https:\/\/www.refy.cz\/index.php?rest_route=\/wp\/v2\/pages\/131\/revisions"}],"predecessor-version":[{"id":187,"href":"https:\/\/www.refy.cz\/index.php?rest_route=\/wp\/v2\/pages\/131\/revisions\/187"}],"wp:attachment":[{"href":"https:\/\/www.refy.cz\/index.php?rest_route=%2Fwp%2Fv2%2Fmedia&parent=131"}],"curies":[{"name":"wp","href":"https:\/\/api.w.org\/{rel}","templated":true}]}}