{"id":8,"date":"2020-08-30T10:28:06","date_gmt":"2020-08-30T08:28:06","guid":{"rendered":"https:\/\/refy.cz\/test\/?page_id=8"},"modified":"2022-03-28T00:19:06","modified_gmt":"2022-03-27T22:19:06","slug":"kontakt","status":"publish","type":"page","link":"https:\/\/www.refy.cz\/?page_id=8","title":{"rendered":"Kontakt"},"content":{"rendered":"<h2 class=\"p1\"><span class=\"s1\"><b>ReFy &#8211; sv\u011bt Nordic Walking<\/b><\/span><\/h2>\n<h3 class=\"p2\"><span class=\"s1\"><b>Mgr. Jana \u0160t\u011bpan\u00edkov\u00e1, DiS.<\/b><\/span><\/h3>\n<p class=\"p2\"><span class=\"s1\">Mobil.: +420 601 584 901<br \/>\nEmail.: <a href=\"mailto:info@refy.cz\"><span class=\"s2\">info@refy.cz<\/span><\/a><\/span><\/p>\n<p class=\"p2\"><span class=\"s1\"><a href=\"http:\/\/www.refy.cz\">www.refy.cz<\/a>\u00a0 <a href=\"http:\/\/facebook.com\/refyhavirov\">facebook.com\/refyhavirov<\/a><br \/>\n<\/span><\/p>\n<h6 class=\"p2\"><span class=\"s1\"><br \/>\n<\/span><strong>M\u00edsto podnik\u00e1n\u00ed: Strm\u00e1 924\/15, 736 01 Hav\u00ed\u0159ov<\/strong><br \/>\n<strong>I\u010cO: 04545494<\/strong><br \/>\n<strong>Zaps\u00e1no v \u017eivnostensk\u00e9m rejst\u0159\u00edku magistr\u00e1tu m\u011bsta Hav\u00ed\u0159ov, sp. zna\u010dka: \u017d\u00da\/4653\/Cu\/2020<\/strong><\/h6>\n","protected":false},"excerpt":{"rendered":"<p>ReFy &#8211; sv\u011bt Nordic Walking Mgr. Jana \u0160t\u011bpan\u00edkov\u00e1, DiS. Mobil.: +420 601 584 901 Email.: info@refy.cz www.refy.cz\u00a0 facebook.com\/refyhavirov M\u00edsto podnik\u00e1n\u00ed: Strm\u00e1 924\/15, 736 01 Hav\u00ed\u0159ov I\u010cO: 04545494 Zaps\u00e1no v \u017eivnostensk\u00e9m rejst\u0159\u00edku magistr\u00e1tu m\u011bsta Hav\u00ed\u0159ov, sp. zna\u010dka: \u017d\u00da\/4653\/Cu\/2020<\/p>\n","protected":false},"author":1,"featured_media":0,"parent":0,"menu_order":0,"comment_status":"closed","ping_status":"closed","template":"","meta":{"footnotes":""},"class_list":["post-8","page","type-page","status-publish","hentry"],"_links":{"self":[{"href":"https:\/\/www.refy.cz\/index.php?rest_route=\/wp\/v2\/pages\/8","targetHints":{"allow":["GET"]}}],"collection":[{"href":"https:\/\/www.refy.cz\/index.php?rest_route=\/wp\/v2\/pages"}],"about":[{"href":"https:\/\/www.refy.cz\/index.php?rest_route=\/wp\/v2\/types\/page"}],"author":[{"embeddable":true,"href":"https:\/\/www.refy.cz\/index.php?rest_route=\/wp\/v2\/users\/1"}],"replies":[{"embeddable":true,"href":"https:\/\/www.refy.cz\/index.php?rest_route=%2Fwp%2Fv2%2Fcomments&post=8"}],"version-history":[{"count":2,"href":"https:\/\/www.refy.cz\/index.php?rest_route=\/wp\/v2\/pages\/8\/revisions"}],"predecessor-version":[{"id":160,"href":"https:\/\/www.refy.cz\/index.php?rest_route=\/wp\/v2\/pages\/8\/revisions\/160"}],"wp:attachment":[{"href":"https:\/\/www.refy.cz\/index.php?rest_route=%2Fwp%2Fv2%2Fmedia&parent=8"}],"curies":[{"name":"wp","href":"https:\/\/api.w.org\/{rel}","templated":true}]}}